{"id":75,"date":"2025-04-07T10:49:00","date_gmt":"2025-04-07T10:49:00","guid":{"rendered":"http:\/\/marmax.com.pl\/?page_id=75"},"modified":"2026-01-02T00:39:41","modified_gmt":"2026-01-02T00:39:41","slug":"strona-domowa","status":"publish","type":"page","link":"https:\/\/marmax.com.pl\/","title":{"rendered":"Strona domowa"},"content":{"rendered":"\n<div class=\"wp-block-group alignwide\" style=\"margin-top:0px;margin-bottom:0px\"><div class=\"wp-block-group__inner-container is-layout-flow wp-block-group-is-layout-flow\">\n<div style=\"height:var(--wp--preset--spacing--xx-large)\" aria-hidden=\"true\" class=\"wp-block-spacer\"><\/div>\n\n\n\n<div class=\"wp-block-group\" style=\"margin-top:0px\"><div class=\"wp-block-group__inner-container is-layout-constrained wp-block-group-is-layout-constrained\">\n<div class=\"wp-block-columns alignwide are-vertically-aligned-center is-layout-flex wp-container-core-columns-is-layout-9d6595d7 wp-block-columns-is-layout-flex\">\n<div class=\"wp-block-column is-vertically-aligned-center is-layout-flow wp-block-column-is-layout-flow\">\n<h2 class=\"wp-block-heading\"><\/h2>\n\n\n\n<figure class=\"wp-block-image size-full\"><img loading=\"lazy\" decoding=\"async\" width=\"1024\" height=\"1024\" src=\"https:\/\/marmax.com.pl\/wp-content\/uploads\/2025\/12\/zyczenia.jpg\" alt=\"\" class=\"wp-image-2258\" srcset=\"https:\/\/marmax.com.pl\/wp-content\/uploads\/2025\/12\/zyczenia.jpg 1024w, https:\/\/marmax.com.pl\/wp-content\/uploads\/2025\/12\/zyczenia-300x300.jpg 300w, https:\/\/marmax.com.pl\/wp-content\/uploads\/2025\/12\/zyczenia-150x150.jpg 150w, https:\/\/marmax.com.pl\/wp-content\/uploads\/2025\/12\/zyczenia-768x768.jpg 768w, https:\/\/marmax.com.pl\/wp-content\/uploads\/2025\/12\/zyczenia-600x600.jpg 600w, https:\/\/marmax.com.pl\/wp-content\/uploads\/2025\/12\/zyczenia-100x100.jpg 100w\" sizes=\"auto, (max-width: 1024px) 100vw, 1024px\" \/><\/figure>\n\n\n\n<div class=\"wp-block-cover has-custom-content-position is-position-bottom-left\" style=\"min-height:724px;aspect-ratio:unset;\"><img loading=\"lazy\" decoding=\"async\" width=\"1000\" height=\"477\" class=\"wp-block-cover__image-background wp-image-123\" alt=\"\" src=\"https:\/\/marmax.com.pl\/wp-content\/uploads\/2025\/04\/cropped-DSC081011-scaled-1.jpg\" data-object-fit=\"cover\" srcset=\"https:\/\/marmax.com.pl\/wp-content\/uploads\/2025\/04\/cropped-DSC081011-scaled-1.jpg 1000w, https:\/\/marmax.com.pl\/wp-content\/uploads\/2025\/04\/cropped-DSC081011-scaled-1-300x143.jpg 300w, https:\/\/marmax.com.pl\/wp-content\/uploads\/2025\/04\/cropped-DSC081011-scaled-1-768x366.jpg 768w, https:\/\/marmax.com.pl\/wp-content\/uploads\/2025\/04\/cropped-DSC081011-scaled-1-600x286.jpg 600w\" sizes=\"auto, (max-width: 1000px) 100vw, 1000px\" \/><span aria-hidden=\"true\" class=\"wp-block-cover__background has-quaternary-background-color has-background-dim-20 has-background-dim\"><\/span><div class=\"wp-block-cover__inner-container is-layout-constrained wp-block-cover-is-layout-constrained\">\n<div class=\"wp-block-group\" style=\"padding-bottom:var(--wp--preset--spacing--x-small);padding-left:var(--wp--preset--spacing--x-small)\"><div class=\"wp-block-group__inner-container is-layout-constrained wp-container-core-group-is-layout-fe5cbb05 wp-block-group-is-layout-constrained\">\n<p class=\"has-text-align-left has-small-font-size\">Bo mi\u0142o\u015b\u0107 zaczyna si\u0119 od kuchni<\/p>\n\n\n\n<h2 class=\"wp-block-heading\">Przybory Kuchenne<\/h2>\n\n\n\n<div class=\"wp-block-buttons is-layout-flex wp-block-buttons-is-layout-flex\" style=\"margin-top:var(--wp--preset--spacing--x-small)\">\n<div class=\"wp-block-button\"><a class=\"wp-block-button__link wp-element-button\" href=\"https:\/\/marmax.com.pl\/?product_cat=przybory-kuchenne\">Shop Now<\/a><\/div>\n<\/div>\n<\/div><\/div>\n<\/div><\/div>\n<\/div>\n\n\n\n<div class=\"wp-block-column is-vertically-aligned-center is-layout-flow wp-block-column-is-layout-flow\">\n<div class=\"wp-block-group is-vertical is-content-justification-stretch is-layout-flex wp-container-core-group-is-layout-b16ad781 wp-block-group-is-layout-flex\">\n<p><\/p>\n\n\n\n<p><\/p>\n\n\n\n<p><\/p>\n\n\n\n<p><\/p>\n\n\n\n<p><\/p>\n\n\n\n<p><\/p>\n\n\n\n<p><\/p>\n\n\n\n<p><\/p>\n\n\n\n<p><\/p>\n\n\n\n<p><\/p>\n\n\n\n<p><\/p>\n\n\n\n<p><\/p>\n\n\n\n<p class=\"has-luminous-vivid-amber-color has-text-color has-link-color wp-elements-088b8720ba787c8138b323ffefdd85ff\" style=\"font-size:37px\"><em><strong>Dzi\u0119kujemy za kolejny rok razem!!!<\/strong><\/em><\/p>\n\n\n\n<p class=\"has-luminous-vivid-amber-color has-text-color has-link-color wp-elements-81ebb4d313c5c89084b842d881e38db0\" style=\"font-size:37px\"><em><strong>\u017byczymy aby 2026 rok przyni\u00f3s\u0142 wiele powod\u00f3w do rado\u015bci i satysfakcji zar\u00f3wno z pracy jak i w \u017cyciu prywatnym.<\/strong><\/em><\/p>\n\n\n\n<p class=\"has-luminous-vivid-amber-color has-text-color has-link-color wp-elements-91f4fbf85aaa686a2bb82204171d25da\" style=\"font-size:37px\"><em><strong> Szcz\u0119\u015bliwego Nowego Roku!<\/strong><\/em><\/p>\n<\/div>\n\n\n\n<p class=\"has-large-font-size\"><\/p>\n\n\n\n<p><\/p>\n\n\n\n<p><\/p>\n\n\n\n<p><\/p>\n\n\n\n<p><\/p>\n\n\n\n<p><\/p>\n\n\n\n<p><\/p>\n\n\n\n<p><\/p>\n\n\n\n<p><\/p>\n\n\n\n<p><\/p>\n\n\n\n<p><\/p>\n\n\n\n<p><\/p>\n\n\n\n<div class=\"wp-block-group is-vertical is-content-justification-stretch is-layout-flex wp-container-core-group-is-layout-b16ad781 wp-block-group-is-layout-flex\">\n<div class=\"wp-block-cover has-custom-content-position is-position-bottom-left\" style=\"min-height:350px;aspect-ratio:unset;\"><img loading=\"lazy\" decoding=\"async\" width=\"897\" height=\"686\" class=\"wp-block-cover__image-background wp-image-143\" alt=\"\" src=\"https:\/\/marmax.com.pl\/wp-content\/uploads\/2025\/04\/kolor-kosz.jpg\" data-object-fit=\"cover\" srcset=\"https:\/\/marmax.com.pl\/wp-content\/uploads\/2025\/04\/kolor-kosz.jpg 897w, https:\/\/marmax.com.pl\/wp-content\/uploads\/2025\/04\/kolor-kosz-300x229.jpg 300w, https:\/\/marmax.com.pl\/wp-content\/uploads\/2025\/04\/kolor-kosz-768x587.jpg 768w, https:\/\/marmax.com.pl\/wp-content\/uploads\/2025\/04\/kolor-kosz-600x459.jpg 600w\" sizes=\"auto, (max-width: 897px) 100vw, 897px\" \/><span aria-hidden=\"true\" class=\"wp-block-cover__background has-quaternary-background-color has-background-dim-20 has-background-dim\"><\/span><div class=\"wp-block-cover__inner-container is-layout-constrained wp-block-cover-is-layout-constrained\">\n<div class=\"wp-block-group\" style=\"padding-bottom:var(--wp--preset--spacing--x-small);padding-left:var(--wp--preset--spacing--x-small)\"><div class=\"wp-block-group__inner-container is-layout-constrained wp-container-core-group-is-layout-fe5cbb05 wp-block-group-is-layout-constrained\">\n<p class=\"has-text-align-left has-small-font-size\">\u015awiat l\u015bni czysto\u015bci\u0105<\/p>\n\n\n\n<h2 class=\"wp-block-heading\">Akcesoria \u0141azienkowe<\/h2>\n\n\n\n<div class=\"wp-block-buttons is-layout-flex wp-block-buttons-is-layout-flex\" style=\"margin-top:var(--wp--preset--spacing--x-small)\">\n<div class=\"wp-block-button\"><a class=\"wp-block-button__link wp-element-button\" href=\"https:\/\/marmax.com.pl\/?product_cat=akcesoria-lazienkowe\">Shop Now<\/a><\/div>\n<\/div>\n<\/div><\/div>\n<\/div><\/div>\n\n\n\n<div class=\"wp-block-cover is-light has-custom-content-position is-position-bottom-left\" style=\"min-height:350px;aspect-ratio:unset;\"><img loading=\"lazy\" decoding=\"async\" width=\"2560\" height=\"2021\" class=\"wp-block-cover__image-background wp-image-142\" alt=\"\" src=\"https:\/\/marmax.com.pl\/wp-content\/uploads\/2025\/04\/DSC08138-scaled.jpg\" data-object-fit=\"cover\" srcset=\"https:\/\/marmax.com.pl\/wp-content\/uploads\/2025\/04\/DSC08138-scaled.jpg 2560w, https:\/\/marmax.com.pl\/wp-content\/uploads\/2025\/04\/DSC08138-300x237.jpg 300w, https:\/\/marmax.com.pl\/wp-content\/uploads\/2025\/04\/DSC08138-1024x809.jpg 1024w, https:\/\/marmax.com.pl\/wp-content\/uploads\/2025\/04\/DSC08138-768x606.jpg 768w, https:\/\/marmax.com.pl\/wp-content\/uploads\/2025\/04\/DSC08138-1536x1213.jpg 1536w, https:\/\/marmax.com.pl\/wp-content\/uploads\/2025\/04\/DSC08138-2048x1617.jpg 2048w, https:\/\/marmax.com.pl\/wp-content\/uploads\/2025\/04\/DSC08138-600x474.jpg 600w\" sizes=\"auto, (max-width: 2560px) 100vw, 2560px\" \/><span aria-hidden=\"true\" class=\"wp-block-cover__background has-quaternary-background-color has-background-dim-20 has-background-dim\"><\/span><div class=\"wp-block-cover__inner-container is-layout-constrained wp-block-cover-is-layout-constrained\">\n<div class=\"wp-block-group\" style=\"padding-bottom:var(--wp--preset--spacing--x-small);padding-left:var(--wp--preset--spacing--x-small)\"><div class=\"wp-block-group__inner-container is-layout-constrained wp-container-core-group-is-layout-fe5cbb05 wp-block-group-is-layout-constrained\">\n<p class=\"has-text-align-left has-small-font-size\">Aby w \u017cyciu by\u0142o \u0142atwiej<\/p>\n\n\n\n<h2 class=\"wp-block-heading\">Budownictwo i Akcesoria<\/h2>\n\n\n\n<div class=\"wp-block-buttons is-layout-flex wp-block-buttons-is-layout-flex\" style=\"margin-top:var(--wp--preset--spacing--x-small)\">\n<div class=\"wp-block-button\"><a class=\"wp-block-button__link wp-element-button\" href=\"https:\/\/marmax.com.pl\/?product_cat=budownictwo-i-akcesoria\">Shop Now<\/a><\/div>\n<\/div>\n<\/div><\/div>\n<\/div><\/div>\n<\/div>\n<\/div>\n<\/div>\n<\/div><\/div>\n\n\n\n<div style=\"height:var(--wp--preset--spacing--xx-large)\" aria-hidden=\"true\" class=\"wp-block-spacer\"><\/div>\n<\/div><\/div>\n\n\n\n<figure class=\"wp-block-gallery has-nested-images columns-default is-cropped wp-block-gallery-1 is-layout-flex wp-block-gallery-is-layout-flex\">\n<figure class=\"wp-block-image size-full\"><img loading=\"lazy\" decoding=\"async\" width=\"1991\" height=\"1137\" data-id=\"198\" src=\"https:\/\/marmax.com.pl\/wp-content\/uploads\/2025\/05\/opis-1.jpg\" alt=\"\" class=\"wp-image-198\" srcset=\"https:\/\/marmax.com.pl\/wp-content\/uploads\/2025\/05\/opis-1.jpg 1991w, https:\/\/marmax.com.pl\/wp-content\/uploads\/2025\/05\/opis-1-300x171.jpg 300w, https:\/\/marmax.com.pl\/wp-content\/uploads\/2025\/05\/opis-1-1024x585.jpg 1024w, https:\/\/marmax.com.pl\/wp-content\/uploads\/2025\/05\/opis-1-768x439.jpg 768w, https:\/\/marmax.com.pl\/wp-content\/uploads\/2025\/05\/opis-1-1536x877.jpg 1536w, https:\/\/marmax.com.pl\/wp-content\/uploads\/2025\/05\/opis-1-600x343.jpg 600w\" sizes=\"auto, (max-width: 1991px) 100vw, 1991px\" \/><\/figure>\n<\/figure>\n\n\n\n<div class=\"wp-block-group\" style=\"padding-bottom:var(--wp--preset--spacing--large)\"><div class=\"wp-block-group__inner-container is-layout-constrained wp-block-group-is-layout-constrained\">\n<div class=\"wp-block-group\" style=\"margin-bottom:var(--wp--preset--spacing--small)\"><div class=\"wp-block-group__inner-container is-layout-constrained wp-block-group-is-layout-constrained\">\n<h2 class=\"wp-block-heading has-text-align-center\">Aby \u017cycie by\u0142o \u0142atwiejsze<\/h2>\n\n\n\n<p class=\"has-text-align-center\">Oferta codziennych i od \u015bwi\u0119ta przydasi\u00f3w wszelkiej ma\u015bci..<\/p>\n<\/div><\/div>\n\n\n\n<div class=\"wp-block-columns is-layout-flex wp-container-core-columns-is-layout-5e620cd0 wp-block-columns-is-layout-flex\">\n<div class=\"wp-block-column is-layout-flow wp-block-column-is-layout-flow\">\n<div class=\"wp-block-cover is-light has-custom-content-position is-position-bottom-center\" style=\"border-top-left-radius:16px;border-top-right-radius:16px;margin-top:0;margin-bottom:0;padding-top:0;padding-right:0;padding-bottom:0;padding-left:0;min-height:320px;aspect-ratio:unset;\"><img loading=\"lazy\" decoding=\"async\" width=\"503\" height=\"502\" class=\"wp-block-cover__image-background wp-image-149\" alt=\"\" src=\"https:\/\/marmax.com.pl\/wp-content\/uploads\/2025\/04\/ik006-2.jpg\" data-object-fit=\"cover\" srcset=\"https:\/\/marmax.com.pl\/wp-content\/uploads\/2025\/04\/ik006-2.jpg 503w, https:\/\/marmax.com.pl\/wp-content\/uploads\/2025\/04\/ik006-2-300x300.jpg 300w, https:\/\/marmax.com.pl\/wp-content\/uploads\/2025\/04\/ik006-2-150x150.jpg 150w, https:\/\/marmax.com.pl\/wp-content\/uploads\/2025\/04\/ik006-2-100x100.jpg 100w\" sizes=\"auto, (max-width: 503px) 100vw, 503px\" \/><span aria-hidden=\"true\" class=\"wp-block-cover__background has-background-dim-0 has-background-dim\" style=\"background-color:#f8edda\"><\/span><div class=\"wp-block-cover__inner-container is-layout-constrained wp-container-core-cover-is-layout-f1253992 wp-block-cover-is-layout-constrained\">\n<div class=\"wp-block-group has-background\" style=\"background-color:#ffffffe3\"><div class=\"wp-block-group__inner-container is-layout-constrained wp-block-group-is-layout-constrained\">\n<h5 class=\"wp-block-heading has-text-align-center\">Sport i Turystyka<\/h5>\n\n\n\n<div class=\"wp-block-buttons is-layout-flex wp-block-buttons-is-layout-flex\">\n<div class=\"wp-block-button is-style-fill\"><a class=\"wp-block-button__link has-black-color has-white-background-color has-text-color has-background has-link-color wp-element-button\" href=\"https:\/\/marmax.com.pl\/?product_cat=sport-i-turystyka-2\" target=\"_blank\" rel=\"noreferrer noopener\">Na Biwak i nie Tylko<\/a><\/div>\n<\/div>\n\n\n\n<p class=\"has-text-align-center has-14-font-size\" style=\"padding-top:8px\"><\/p>\n<\/div><\/div>\n\n\n\n<div class=\"wp-block-buttons is-layout-flex wp-block-buttons-is-layout-flex\"><\/div>\n<\/div><\/div>\n<\/div>\n\n\n\n<div class=\"wp-block-column is-layout-flow wp-block-column-is-layout-flow\">\n<div class=\"wp-block-cover is-light has-custom-content-position is-position-bottom-center\" style=\"border-top-left-radius:16px;border-top-right-radius:16px;margin-top:0;margin-bottom:0;padding-top:0;padding-right:0;padding-bottom:0;padding-left:0;min-height:320px;aspect-ratio:unset;\"><img loading=\"lazy\" decoding=\"async\" width=\"1749\" height=\"2560\" class=\"wp-block-cover__image-background wp-image-140\" alt=\"\" src=\"https:\/\/marmax.com.pl\/wp-content\/uploads\/2025\/04\/33366-scaled.jpg\" data-object-fit=\"cover\" srcset=\"https:\/\/marmax.com.pl\/wp-content\/uploads\/2025\/04\/33366-scaled.jpg 1749w, https:\/\/marmax.com.pl\/wp-content\/uploads\/2025\/04\/33366-205x300.jpg 205w, https:\/\/marmax.com.pl\/wp-content\/uploads\/2025\/04\/33366-700x1024.jpg 700w, https:\/\/marmax.com.pl\/wp-content\/uploads\/2025\/04\/33366-768x1124.jpg 768w, https:\/\/marmax.com.pl\/wp-content\/uploads\/2025\/04\/33366-1049x1536.jpg 1049w, https:\/\/marmax.com.pl\/wp-content\/uploads\/2025\/04\/33366-1399x2048.jpg 1399w, https:\/\/marmax.com.pl\/wp-content\/uploads\/2025\/04\/33366-600x878.jpg 600w\" sizes=\"auto, (max-width: 1749px) 100vw, 1749px\" \/><span aria-hidden=\"true\" class=\"wp-block-cover__background has-background-dim-0 has-background-dim\" style=\"background-color:#fae2e8\"><\/span><div class=\"wp-block-cover__inner-container is-layout-constrained wp-container-core-cover-is-layout-f1253992 wp-block-cover-is-layout-constrained\">\n<div class=\"wp-block-group has-background\" style=\"background-color:#ffffffe3\"><div class=\"wp-block-group__inner-container is-layout-constrained wp-block-group-is-layout-constrained\">\n<h5 class=\"wp-block-heading has-text-align-center\">Dom i Ogr\u00f3d<\/h5>\n\n\n\n<div class=\"wp-block-buttons is-layout-flex wp-block-buttons-is-layout-flex\">\n<div class=\"wp-block-button\"><a class=\"wp-block-button__link has-black-color has-white-background-color has-text-color has-background has-link-color wp-element-button\" href=\"https:\/\/marmax.com.pl\/?product_cat=dom-i-ogrod\" target=\"_blank\" rel=\"noreferrer noopener\">Agd Drobne i Du\u017ce <\/a><\/div>\n<\/div>\n\n\n\n<p class=\"has-text-align-center has-14-font-size\" style=\"padding-top:8px\"><\/p>\n\n\n\n<div class=\"wp-block-buttons is-layout-flex wp-block-buttons-is-layout-flex\"><\/div>\n<\/div><\/div>\n<\/div><\/div>\n<\/div>\n\n\n\n<div class=\"wp-block-column is-layout-flow wp-block-column-is-layout-flow\">\n<div class=\"wp-block-cover is-light has-custom-content-position is-position-bottom-center\" style=\"border-top-left-radius:16px;border-top-right-radius:16px;margin-top:0;margin-bottom:0;padding-top:0;padding-right:0;padding-bottom:0;padding-left:0;min-height:320px;aspect-ratio:unset;\"><img loading=\"lazy\" decoding=\"async\" width=\"607\" height=\"605\" class=\"wp-block-cover__image-background wp-image-147\" alt=\"\" src=\"https:\/\/marmax.com.pl\/wp-content\/uploads\/2025\/04\/konopny.jpg\" data-object-fit=\"cover\" srcset=\"https:\/\/marmax.com.pl\/wp-content\/uploads\/2025\/04\/konopny.jpg 607w, https:\/\/marmax.com.pl\/wp-content\/uploads\/2025\/04\/konopny-300x300.jpg 300w, https:\/\/marmax.com.pl\/wp-content\/uploads\/2025\/04\/konopny-150x150.jpg 150w, https:\/\/marmax.com.pl\/wp-content\/uploads\/2025\/04\/konopny-600x598.jpg 600w, https:\/\/marmax.com.pl\/wp-content\/uploads\/2025\/04\/konopny-100x100.jpg 100w\" sizes=\"auto, (max-width: 607px) 100vw, 607px\" \/><span aria-hidden=\"true\" class=\"wp-block-cover__background has-background-dim-0 has-background-dim\" style=\"background-color:#e4f3bb\"><\/span><div class=\"wp-block-cover__inner-container is-layout-constrained wp-container-core-cover-is-layout-f1253992 wp-block-cover-is-layout-constrained\">\n<div class=\"wp-block-group has-background\" style=\"background-color:#ffffffe3\"><div class=\"wp-block-group__inner-container is-layout-constrained wp-block-group-is-layout-constrained\">\n<h5 class=\"wp-block-heading has-text-align-center\">Kosmetyki<\/h5>\n\n\n\n<div class=\"wp-block-buttons is-layout-flex wp-block-buttons-is-layout-flex\">\n<div class=\"wp-block-button\"><a class=\"wp-block-button__link has-black-color has-white-background-color has-text-color has-background has-link-color wp-element-button\" href=\"https:\/\/marmax.com.pl\/?product_cat=zdrowie-i-uroda\" target=\"_blank\" rel=\"noreferrer noopener\">Dla Duszy Dla Cia\u0142a<\/a><\/div>\n<\/div>\n<\/div><\/div>\n<\/div><\/div>\n<\/div>\n\n\n\n<div class=\"wp-block-column is-layout-flow wp-block-column-is-layout-flow\">\n<div class=\"wp-block-cover has-custom-content-position is-position-bottom-center\" style=\"border-top-left-radius:16px;border-top-right-radius:16px;margin-top:0;margin-bottom:0;padding-top:0;padding-right:0;padding-bottom:0;padding-left:0;min-height:320px;aspect-ratio:unset;\"><img loading=\"lazy\" decoding=\"async\" width=\"957\" height=\"583\" class=\"wp-block-cover__image-background wp-image-150\" alt=\"\" src=\"https:\/\/marmax.com.pl\/wp-content\/uploads\/2025\/04\/jutowy.jpg\" data-object-fit=\"cover\" srcset=\"https:\/\/marmax.com.pl\/wp-content\/uploads\/2025\/04\/jutowy.jpg 957w, https:\/\/marmax.com.pl\/wp-content\/uploads\/2025\/04\/jutowy-300x183.jpg 300w, https:\/\/marmax.com.pl\/wp-content\/uploads\/2025\/04\/jutowy-768x468.jpg 768w, https:\/\/marmax.com.pl\/wp-content\/uploads\/2025\/04\/jutowy-600x366.jpg 600w\" sizes=\"auto, (max-width: 957px) 100vw, 957px\" \/><span aria-hidden=\"true\" class=\"wp-block-cover__background has-background-dim-0 has-background-dim\" style=\"background-color:#d5ecfa\"><\/span><div class=\"wp-block-cover__inner-container is-layout-constrained wp-container-core-cover-is-layout-f1253992 wp-block-cover-is-layout-constrained\">\n<div class=\"wp-block-group has-background\" style=\"background-color:#ffffffe3\"><div class=\"wp-block-group__inner-container is-layout-constrained wp-block-group-is-layout-constrained\">\n<h5 class=\"wp-block-heading has-text-align-center has-black-color has-text-color has-link-color wp-elements-363aa2e37d78afb596f6c9096b692d16\">Galanteria i Dodatki<\/h5>\n\n\n\n<div class=\"wp-block-buttons is-layout-flex wp-block-buttons-is-layout-flex\">\n<div class=\"wp-block-button\"><a class=\"wp-block-button__link has-black-color has-white-background-color has-text-color has-background has-link-color wp-element-button\" href=\"https:\/\/marmax.com.pl\/?product_cat=galanteria-i-dodatki\" target=\"_blank\" rel=\"noreferrer noopener\">Na Codzie\u0144 i Od \u015awi\u0119ta <\/a><\/div>\n<\/div>\n<\/div><\/div>\n<\/div><\/div>\n<\/div>\n<\/div>\n<\/div><\/div>\n\n\n\n<p><\/p>\n","protected":false},"excerpt":{"rendered":"<p>Dzi\u0119kujemy za kolejny rok razem!!! \u017byczymy aby 2026 rok przyni\u00f3s\u0142 wiele powod\u00f3w do rado\u015bci i satysfakcji zar\u00f3wno z pracy jak i w \u017cyciu prywatnym. Szcz\u0119\u015bliwego Nowego Roku! Aby \u017cycie by\u0142o \u0142atwiejsze Oferta codziennych i od \u015bwi\u0119ta przydasi\u00f3w wszelkiej ma\u015bci..<\/p>\n","protected":false},"author":1,"featured_media":125,"parent":0,"menu_order":0,"comment_status":"closed","ping_status":"closed","template":"page-templates\/homepage.php","meta":{"footnotes":""},"class_list":["post-75","page","type-page","status-publish","has-post-thumbnail","hentry"],"_links":{"self":[{"href":"https:\/\/marmax.com.pl\/index.php?rest_route=\/wp\/v2\/pages\/75","targetHints":{"allow":["GET"]}}],"collection":[{"href":"https:\/\/marmax.com.pl\/index.php?rest_route=\/wp\/v2\/pages"}],"about":[{"href":"https:\/\/marmax.com.pl\/index.php?rest_route=\/wp\/v2\/types\/page"}],"author":[{"embeddable":true,"href":"https:\/\/marmax.com.pl\/index.php?rest_route=\/wp\/v2\/users\/1"}],"replies":[{"embeddable":true,"href":"https:\/\/marmax.com.pl\/index.php?rest_route=%2Fwp%2Fv2%2Fcomments&post=75"}],"version-history":[{"count":22,"href":"https:\/\/marmax.com.pl\/index.php?rest_route=\/wp\/v2\/pages\/75\/revisions"}],"predecessor-version":[{"id":2264,"href":"https:\/\/marmax.com.pl\/index.php?rest_route=\/wp\/v2\/pages\/75\/revisions\/2264"}],"wp:featuredmedia":[{"embeddable":true,"href":"https:\/\/marmax.com.pl\/index.php?rest_route=\/wp\/v2\/media\/125"}],"wp:attachment":[{"href":"https:\/\/marmax.com.pl\/index.php?rest_route=%2Fwp%2Fv2%2Fmedia&parent=75"}],"curies":[{"name":"wp","href":"https:\/\/api.w.org\/{rel}","templated":true}]}}